{"id":8262,"date":"2025-12-31T14:29:43","date_gmt":"2025-12-31T14:29:43","guid":{"rendered":"https:\/\/demo.marvx.com\/mrsa\/?post_type=product&#038;p=8262"},"modified":"2025-12-31T14:29:43","modified_gmt":"2025-12-31T14:29:43","slug":"slit-lamp-microscope-ml-350-mocular","status":"publish","type":"product","link":"https:\/\/mrsa-medical.com\/ar\/product\/slit-lamp-microscope-ml-350-mocular\/","title":{"rendered":"\u0627\u0644\u0645\u062c\u0647\u0631 \u0630\u0648 \u0627\u0644\u0645\u0635\u0628\u0627\u062d \u0627\u0644\u0634\u0642\u064a - ML-350 - Mocular"},"content":{"rendered":"<p>Slit System<br \/>\n\u2022 Slit Width: 0 \u2013 14 mm (continuously adjustable)<br \/>\n\u2022 Slit Height: 1 \u2013 14 mm (continuously adjustable)<br \/>\n\u2022 Illumination Method: Upper light source<br \/>\n\u2022 Fixation Light: Red LED<br \/>\nAperture Sizes<br \/>\n\u2022 \u00d80.2 mm, \u00d81 mm, \u00d83 mm, \u00d85 mm<br \/>\n\u2022 \u00d810 mm, \u00d814 mm, \u00d81\u201314 mm<br \/>\nMicroscope<br \/>\n\u2022 Microscope Type: Galilean parallel angle<br \/>\n\u2022 Total Magnification: 6\u00d7, 10\u00d7, 16\u00d7, 25\u00d7, 40\u00d7<br \/>\n\u2022 Eyepiece Magnification: 12.5\u00d7<br \/>\n\u2022 Eyepiece Angle: 13\u00b0<br \/>\nField of View<br \/>\n\u2022 40\u00d7: 5.0 mm<br \/>\n\u2022 25\u00d7: 8.5 mm<br \/>\n\u2022 16\u00d7: 13.5 mm<br \/>\n\u2022 10\u00d7: 22 mm<br \/>\n\u2022 6\u00d7: 34.7 mm<br \/>\nAdjustment<br \/>\n\u2022 PD Adjustment: 54 \u2013 87 mm<br \/>\n\u2022 Diopter Adjustment: \u00b17 D<br \/>\nIllumination<br \/>\n\u2022 Light Source: LED<br \/>\n\u2022 Features: Low working temperature, long service life, environmental protection<br \/>\nKey Features<br \/>\n\u2022 Classic slit lamp microscope for routine ophthalmic examinations<br \/>\n\u2022 Drum zoom system for smooth magnification changes<br \/>\n\u2022 Modular and ergonomic design for daily clinical use<br \/>\n\u2022 Wide slit width and height adjustment for anterior segment observation<br \/>\n\u2022 Stable illumination with adjustable brightness for patient comfort<\/p>","protected":false},"excerpt":{"rendered":"<p>Slit System \u2022 Slit Width: 0 \u2013 14 mm (continuously adjustable) \u2022 Slit Height: 1 \u2013 14 mm (continuously adjustable) \u2022 Illumination Method: Upper light source \u2022 Fixation Light: Red LED Aperture Sizes \u2022 \u00d80.2 mm, \u00d81 mm, \u00d83 mm, \u00d85 mm \u2022 \u00d810 mm, \u00d814 mm, \u00d81\u201314 mm Microscope \u2022 Microscope Type: Galilean parallel<\/p>\n<div class=\"klb-readmore button\"><a class=\"btn link\" href=\"https:\/\/mrsa-medical.com\/ar\/product\/slit-lamp-microscope-ml-350-mocular\/\">Read More <i class=\"klbth-icon-right-arrow\"><\/i><\/a><\/div>","protected":false},"featured_media":8245,"comment_status":"open","ping_status":"closed","template":"","meta":[],"product_brand":[],"product_cat":[419],"product_tag":[],"class_list":{"0":"post-8262","1":"product","2":"type-product","3":"status-publish","4":"has-post-thumbnail","6":"product_cat-diagnostic-imaging","8":"first","9":"instock","10":"shipping-taxable","11":"product-type-simple"},"_links":{"self":[{"href":"https:\/\/mrsa-medical.com\/ar\/wp-json\/wp\/v2\/product\/8262","targetHints":{"allow":["GET"]}}],"collection":[{"href":"https:\/\/mrsa-medical.com\/ar\/wp-json\/wp\/v2\/product"}],"about":[{"href":"https:\/\/mrsa-medical.com\/ar\/wp-json\/wp\/v2\/types\/product"}],"replies":[{"embeddable":true,"href":"https:\/\/mrsa-medical.com\/ar\/wp-json\/wp\/v2\/comments?post=8262"}],"wp:featuredmedia":[{"embeddable":true,"href":"https:\/\/mrsa-medical.com\/ar\/wp-json\/wp\/v2\/media\/8245"}],"wp:attachment":[{"href":"https:\/\/mrsa-medical.com\/ar\/wp-json\/wp\/v2\/media?parent=8262"}],"wp:term":[{"taxonomy":"product_brand","embeddable":true,"href":"https:\/\/mrsa-medical.com\/ar\/wp-json\/wp\/v2\/product_brand?post=8262"},{"taxonomy":"product_cat","embeddable":true,"href":"https:\/\/mrsa-medical.com\/ar\/wp-json\/wp\/v2\/product_cat?post=8262"},{"taxonomy":"product_tag","embeddable":true,"href":"https:\/\/mrsa-medical.com\/ar\/wp-json\/wp\/v2\/product_tag?post=8262"}],"curies":[{"name":"wp","href":"https:\/\/api.w.org\/{rel}","templated":true}]}}